{"id":68,"date":"2025-05-23T12:16:21","date_gmt":"2025-05-23T10:16:21","guid":{"rendered":"https:\/\/studio-panoramique-360.fr\/?page_id=68"},"modified":"2025-05-30T08:35:18","modified_gmt":"2025-05-30T06:35:18","slug":"68-2","status":"publish","type":"page","link":"https:\/\/studio-panoramique-360.fr\/","title":{"rendered":"Accueil"},"content":{"rendered":"\n<p>La photographie est une passion qui permet de capturer l\u2019instant pr\u00e9sent et d\u2019en r\u00e9v\u00e9ler la beaut\u00e9. Elle d\u00e9veloppe le regard, la sensibilit\u00e9 \u00e0 la lumi\u00e8re, aux couleurs et aux d\u00e9tails. C\u2019est un moyen d\u2019expression artistique qui raconte des histoires sans mots. Elle invite \u00e0 explorer le monde sous un autre angle, \u00e0 observer plut\u00f4t qu\u2019\u00e0 consommer. Enfin, elle forge la patience, la cr\u00e9ativit\u00e9 et le sens de l\u2019\u00e9motion visuelle.<\/p>\n\n\n\n<p><\/p>\n","protected":false},"excerpt":{"rendered":"<p>La photographie est une passion qui permet de capturer l\u2019instant pr\u00e9sent et d\u2019en r\u00e9v\u00e9ler la beaut\u00e9. Elle d\u00e9veloppe le regard, la sensibilit\u00e9 \u00e0 la lumi\u00e8re, aux couleurs et aux d\u00e9tails. C\u2019est un moyen d\u2019expression artistique qui raconte des histoires sans &hellip; <a href=\"https:\/\/studio-panoramique-360.fr\/\">Lire la suite\u00ad\u00ad<\/a><\/p>\n","protected":false},"author":1,"featured_media":0,"parent":0,"menu_order":0,"comment_status":"closed","ping_status":"closed","template":"","meta":{"kt_blocks_editor_width":"","footnotes":""},"class_list":["post-68","page","type-page","status-publish","hentry"],"_links":{"self":[{"href":"https:\/\/studio-panoramique-360.fr\/index.php\/wp-json\/wp\/v2\/pages\/68","targetHints":{"allow":["GET"]}}],"collection":[{"href":"https:\/\/studio-panoramique-360.fr\/index.php\/wp-json\/wp\/v2\/pages"}],"about":[{"href":"https:\/\/studio-panoramique-360.fr\/index.php\/wp-json\/wp\/v2\/types\/page"}],"author":[{"embeddable":true,"href":"https:\/\/studio-panoramique-360.fr\/index.php\/wp-json\/wp\/v2\/users\/1"}],"replies":[{"embeddable":true,"href":"https:\/\/studio-panoramique-360.fr\/index.php\/wp-json\/wp\/v2\/comments?post=68"}],"version-history":[{"count":2,"href":"https:\/\/studio-panoramique-360.fr\/index.php\/wp-json\/wp\/v2\/pages\/68\/revisions"}],"predecessor-version":[{"id":114,"href":"https:\/\/studio-panoramique-360.fr\/index.php\/wp-json\/wp\/v2\/pages\/68\/revisions\/114"}],"wp:attachment":[{"href":"https:\/\/studio-panoramique-360.fr\/index.php\/wp-json\/wp\/v2\/media?parent=68"}],"curies":[{"name":"wp","href":"https:\/\/api.w.org\/{rel}","templated":true}]}}