{"id":33,"date":"2025-05-22T09:46:28","date_gmt":"2025-05-22T07:46:28","guid":{"rendered":"https:\/\/studio-panoramique-360.fr\/?page_id=33"},"modified":"2025-05-22T21:59:50","modified_gmt":"2025-05-22T19:59:50","slug":"panoramique-gigapixel","status":"publish","type":"page","link":"https:\/\/studio-panoramique-360.fr\/index.php\/panoramique-gigapixel\/","title":{"rendered":"PANORAMIQUE GIGAPIXEL"},"content":{"rendered":"<style>.wp-block-kadence-advancedheading.kt-adv-heading33_920b7a-bb, .wp-block-kadence-advancedheading.kt-adv-heading33_920b7a-bb[data-kb-block=\"kb-adv-heading33_920b7a-bb\"]{max-width:1167px;margin-top:var(--global-kb-spacing-auto, auto);margin-right:var(--global-kb-spacing-auto, auto);margin-bottom:var(--global-kb-spacing-auto, auto);margin-left:var(--global-kb-spacing-auto, auto);font-size:14px;font-style:normal;}.wp-block-kadence-advancedheading.kt-adv-heading33_920b7a-bb mark.kt-highlight, .wp-block-kadence-advancedheading.kt-adv-heading33_920b7a-bb[data-kb-block=\"kb-adv-heading33_920b7a-bb\"] mark.kt-highlight{font-style:normal;color:#f76a0c;-webkit-box-decoration-break:clone;box-decoration-break:clone;padding-top:0px;padding-right:0px;padding-bottom:0px;padding-left:0px;}.wp-block-kadence-advancedheading.kt-adv-heading33_920b7a-bb img.kb-inline-image, .wp-block-kadence-advancedheading.kt-adv-heading33_920b7a-bb[data-kb-block=\"kb-adv-heading33_920b7a-bb\"] img.kb-inline-image{width:150px;vertical-align:baseline;}<\/style>\n<p class=\"kt-adv-heading33_920b7a-bb wp-block-kadence-advancedheading\" data-kb-block=\"kb-adv-heading33_920b7a-bb\">Une image gigapixel est une image num\u00e9rique bitmap compos\u00e9e d&rsquo;un milliard de pixels (\u00e9l\u00e9ments d&rsquo;image), soit 1 000 fois plus d&rsquo;informations que celles captur\u00e9es par un appareil photo num\u00e9rique de 1 m\u00e9gapixel . Une image carr\u00e9e de 31 623 pixels de largeur et de hauteur correspond \u00e0 un gigapixel. La technologie actuelle pour cr\u00e9er de telles images \u00e0 tr\u00e8s haute r\u00e9solution consiste \u00e0 r\u00e9aliser des mosa\u00efques d&rsquo;images num\u00e9riques \u00e0 partir de nombreuses photographies num\u00e9riques haute r\u00e9solution.<\/p>\n\n\n<div class=\"wp-block-image\">\n<figure class=\"alignleft size-large\"><a href=\"https:\/\/studio-panoramique-360.fr\/sources\/gigapixel\/valmeinier\/\" target=\"_blank\" rel=\" noreferrer noopener\"><img loading=\"lazy\" decoding=\"async\" width=\"1024\" height=\"175\" src=\"https:\/\/studio-panoramique-360.fr\/wp-content\/uploads\/2025\/05\/gigapixel_site-page-1-1024x175.jpg\" alt=\"\" class=\"wp-image-34\" srcset=\"https:\/\/studio-panoramique-360.fr\/wp-content\/uploads\/2025\/05\/gigapixel_site-page-1-1024x175.jpg 1024w, https:\/\/studio-panoramique-360.fr\/wp-content\/uploads\/2025\/05\/gigapixel_site-page-1-300x51.jpg 300w, https:\/\/studio-panoramique-360.fr\/wp-content\/uploads\/2025\/05\/gigapixel_site-page-1-768x132.jpg 768w, https:\/\/studio-panoramique-360.fr\/wp-content\/uploads\/2025\/05\/gigapixel_site-page-1-1536x263.jpg 1536w, https:\/\/studio-panoramique-360.fr\/wp-content\/uploads\/2025\/05\/gigapixel_site-page-1.jpg 1629w\" sizes=\"auto, (max-width: 1024px) 100vw, 1024px\" \/><\/a><\/figure>\n<\/div>\n\n<div class=\"wp-block-image\">\n<figure class=\"alignleft size-large\"><a href=\"https:\/\/studio-panoramique-360.fr\/sources\/gigapixel\/Gigapixel_Corse_Porto-Vecchio\/Gigapixel_Corse_Porto-Vecchio.html\" target=\"_blank\" rel=\" noreferrer noopener\"><img loading=\"lazy\" decoding=\"async\" width=\"1024\" height=\"175\" src=\"https:\/\/studio-panoramique-360.fr\/wp-content\/uploads\/2025\/05\/gigapixel_site-page-2-1-1024x175.jpg\" alt=\"\" class=\"wp-image-39\" srcset=\"https:\/\/studio-panoramique-360.fr\/wp-content\/uploads\/2025\/05\/gigapixel_site-page-2-1-1024x175.jpg 1024w, https:\/\/studio-panoramique-360.fr\/wp-content\/uploads\/2025\/05\/gigapixel_site-page-2-1-300x51.jpg 300w, https:\/\/studio-panoramique-360.fr\/wp-content\/uploads\/2025\/05\/gigapixel_site-page-2-1-768x132.jpg 768w, https:\/\/studio-panoramique-360.fr\/wp-content\/uploads\/2025\/05\/gigapixel_site-page-2-1-1536x263.jpg 1536w, https:\/\/studio-panoramique-360.fr\/wp-content\/uploads\/2025\/05\/gigapixel_site-page-2-1.jpg 1629w\" sizes=\"auto, (max-width: 1024px) 100vw, 1024px\" \/><\/a><\/figure>\n<\/div>\n\n\n<p><\/p>\n","protected":false},"excerpt":{"rendered":"<p>Une image gigapixel est une image num\u00e9rique bitmap compos\u00e9e d&rsquo;un milliard de pixels (\u00e9l\u00e9ments d&rsquo;image), soit 1 000 fois plus d&rsquo;informations que celles captur\u00e9es par un appareil photo num\u00e9rique de 1 m\u00e9gapixel . Une image carr\u00e9e de 31 623 pixels &hellip; <a href=\"https:\/\/studio-panoramique-360.fr\/index.php\/panoramique-gigapixel\/\">Lire la suite\u00ad\u00ad<\/a><\/p>\n","protected":false},"author":1,"featured_media":0,"parent":0,"menu_order":0,"comment_status":"closed","ping_status":"closed","template":"","meta":{"kt_blocks_editor_width":"","footnotes":""},"class_list":["post-33","page","type-page","status-publish","hentry"],"_links":{"self":[{"href":"https:\/\/studio-panoramique-360.fr\/index.php\/wp-json\/wp\/v2\/pages\/33","targetHints":{"allow":["GET"]}}],"collection":[{"href":"https:\/\/studio-panoramique-360.fr\/index.php\/wp-json\/wp\/v2\/pages"}],"about":[{"href":"https:\/\/studio-panoramique-360.fr\/index.php\/wp-json\/wp\/v2\/types\/page"}],"author":[{"embeddable":true,"href":"https:\/\/studio-panoramique-360.fr\/index.php\/wp-json\/wp\/v2\/users\/1"}],"replies":[{"embeddable":true,"href":"https:\/\/studio-panoramique-360.fr\/index.php\/wp-json\/wp\/v2\/comments?post=33"}],"version-history":[{"count":13,"href":"https:\/\/studio-panoramique-360.fr\/index.php\/wp-json\/wp\/v2\/pages\/33\/revisions"}],"predecessor-version":[{"id":57,"href":"https:\/\/studio-panoramique-360.fr\/index.php\/wp-json\/wp\/v2\/pages\/33\/revisions\/57"}],"wp:attachment":[{"href":"https:\/\/studio-panoramique-360.fr\/index.php\/wp-json\/wp\/v2\/media?parent=33"}],"curies":[{"name":"wp","href":"https:\/\/api.w.org\/{rel}","templated":true}]}}