{"id":19,"date":"2025-05-16T09:22:48","date_gmt":"2025-05-16T07:22:48","guid":{"rendered":"https:\/\/studio-panoramique-360.fr\/?page_id=19"},"modified":"2025-05-26T08:26:12","modified_gmt":"2025-05-26T06:26:12","slug":"visite-virtuelle-hd","status":"publish","type":"page","link":"https:\/\/studio-panoramique-360.fr\/index.php\/visite-virtuelle-hd\/","title":{"rendered":"Visite Virtuelle HD"},"content":{"rendered":"\n<p>Visite Virtuelle HD \u00e0 360\u00b0 est un service de cr\u00e9ation de visites immersives en haute d\u00e9finition, permettant d&rsquo;explorer des lieux \u00e0 distance avec un r\u00e9alisme saisissant. Capturant chaque d\u00e9tail dans toutes les directions, elle permet de d\u00e9couvrir l\u2019environnement comme si vous y \u00e9tiez. Une exp\u00e9rience visuelle unique qui invite \u00e0 l\u2019exploration sous tous les angles, id\u00e9ale pour le tourisme, l\u2019immobilier ou la culture. Accessible en ligne, il valorise les espaces tout en facilitant leur d\u00e9couverte.<\/p>\n\n\n<style>.wp-block-kadence-advancedgallery .kb-gallery-type-grid.kb-gallery-id-19_7fba39-2f{margin:-5px;}.kb-gallery-type-grid.kb-gallery-id-19_7fba39-2f .kadence-blocks-gallery-item{padding:5px;}.kb-gallery-id-19_7fba39-2f .kadence-blocks-gallery-item .kb-gal-image-radius, .kb-gallery-id-19_7fba39-2f .kb-slide-item .kb-gal-image-radius img{border-radius:0px 0px 0px 0px;;}<\/style><div class=\"kb-gallery-wrap-id-19_7fba39-2f alignnone wp-block-kadence-advancedgallery\"><ul class=\"kb-gallery-ul kb-gallery-non-static kb-gallery-type-grid kb-gallery-id-19_7fba39-2f kb-gallery-caption-style-bottom-hover kb-gallery-filter-none\" data-image-filter=\"none\" data-item-selector=\".kadence-blocks-gallery-item\" data-lightbox-caption=\"true\" data-columns-xxl=\"2\" data-columns-xl=\"2\" data-columns-md=\"2\" data-columns-sm=\"2\" data-columns-xs=\"1\" data-columns-ss=\"1\"><li class=\"kadence-blocks-gallery-item\"><div class=\"kadence-blocks-gallery-item-inner\"><figure class=\"kb-gallery-figure kb-gallery-item-has-link kadence-blocks-gallery-item-hide-caption\"><a href=\"https:\/\/studio-panoramique-360.fr\/sources\/vv_panoramique\/site_internet\/3\/\" class=\"kb-gallery-item-link\" target=\"_blank\" rel=\"noopener noreferrer\"><div class=\"kb-gal-image-radius\"><div class=\"kb-gallery-image-contain kadence-blocks-gallery-intrinsic kb-gallery-image-ratio-land169 kb-has-image-ratio-land169\" ><img loading=\"lazy\" decoding=\"async\" src=\"https:\/\/studio-panoramique-360.fr\/wp-content\/uploads\/2025\/05\/d5-1024x342.jpg\" width=\"1024\" height=\"342\" alt=\"\" data-full-image=\"https:\/\/studio-panoramique-360.fr\/wp-content\/uploads\/2025\/05\/d5.jpg\" data-light-image=\"https:\/\/studio-panoramique-360.fr\/wp-content\/uploads\/2025\/05\/d5.jpg\" data-id=\"84\" class=\"wp-image-84\" srcset=\"https:\/\/studio-panoramique-360.fr\/wp-content\/uploads\/2025\/05\/d5-1024x342.jpg 1024w, https:\/\/studio-panoramique-360.fr\/wp-content\/uploads\/2025\/05\/d5-300x100.jpg 300w, https:\/\/studio-panoramique-360.fr\/wp-content\/uploads\/2025\/05\/d5-768x256.jpg 768w, https:\/\/studio-panoramique-360.fr\/wp-content\/uploads\/2025\/05\/d5-1536x512.jpg 1536w, https:\/\/studio-panoramique-360.fr\/wp-content\/uploads\/2025\/05\/d5.jpg 2000w\" sizes=\"auto, (max-width: 1024px) 100vw, 1024px\" \/><\/div><\/div><\/a><\/figure><\/div><\/li><li class=\"kadence-blocks-gallery-item\"><div class=\"kadence-blocks-gallery-item-inner\"><figure class=\"kb-gallery-figure kb-gallery-item-has-link kadence-blocks-gallery-item-hide-caption\"><a href=\"https:\/\/studio-panoramique-360.fr\/sources\/vv_panoramique\/site_internet\/2\/\" class=\"kb-gallery-item-link\" target=\"_blank\" rel=\"noopener noreferrer\"><div class=\"kb-gal-image-radius\"><div class=\"kb-gallery-image-contain kadence-blocks-gallery-intrinsic kb-gallery-image-ratio-land169 kb-has-image-ratio-land169\" ><img loading=\"lazy\" decoding=\"async\" src=\"https:\/\/studio-panoramique-360.fr\/wp-content\/uploads\/2025\/05\/2-web.jpg\" width=\"1024\" height=\"576\" alt=\"\" data-full-image=\"https:\/\/studio-panoramique-360.fr\/wp-content\/uploads\/2025\/05\/2-web.jpg\" data-light-image=\"https:\/\/studio-panoramique-360.fr\/wp-content\/uploads\/2025\/05\/2-web.jpg\" data-id=\"92\" class=\"wp-image-92\" srcset=\"https:\/\/studio-panoramique-360.fr\/wp-content\/uploads\/2025\/05\/2-web.jpg 1024w, https:\/\/studio-panoramique-360.fr\/wp-content\/uploads\/2025\/05\/2-web-300x169.jpg 300w, https:\/\/studio-panoramique-360.fr\/wp-content\/uploads\/2025\/05\/2-web-768x432.jpg 768w\" sizes=\"auto, (max-width: 1024px) 100vw, 1024px\" \/><\/div><\/div><\/a><\/figure><\/div><\/li><li class=\"kadence-blocks-gallery-item\"><div class=\"kadence-blocks-gallery-item-inner\"><figure class=\"kb-gallery-figure kb-gallery-item-has-link kadence-blocks-gallery-item-hide-caption\"><a href=\"https:\/\/studio-panoramique-360.fr\/sources\/vv_panoramique\/site_internet\/1\/\" class=\"kb-gallery-item-link\" target=\"_blank\" rel=\"noopener noreferrer\"><div class=\"kb-gal-image-radius\"><div class=\"kb-gallery-image-contain kadence-blocks-gallery-intrinsic kb-gallery-image-ratio-land169 kb-has-image-ratio-land169\" ><img loading=\"lazy\" decoding=\"async\" src=\"https:\/\/studio-panoramique-360.fr\/wp-content\/uploads\/2025\/05\/1-web.jpg\" width=\"1024\" height=\"576\" alt=\"\" data-full-image=\"https:\/\/studio-panoramique-360.fr\/wp-content\/uploads\/2025\/05\/1-web.jpg\" data-light-image=\"https:\/\/studio-panoramique-360.fr\/wp-content\/uploads\/2025\/05\/1-web.jpg\" data-id=\"95\" class=\"wp-image-95\" srcset=\"https:\/\/studio-panoramique-360.fr\/wp-content\/uploads\/2025\/05\/1-web.jpg 1024w, https:\/\/studio-panoramique-360.fr\/wp-content\/uploads\/2025\/05\/1-web-300x169.jpg 300w, https:\/\/studio-panoramique-360.fr\/wp-content\/uploads\/2025\/05\/1-web-768x432.jpg 768w\" sizes=\"auto, (max-width: 1024px) 100vw, 1024px\" \/><\/div><\/div><\/a><\/figure><\/div><\/li><li class=\"kadence-blocks-gallery-item\"><div class=\"kadence-blocks-gallery-item-inner\"><figure class=\"kb-gallery-figure kb-gallery-item-has-link kadence-blocks-gallery-item-hide-caption\"><a href=\"https:\/\/studio-panoramique-360.fr\/sources\/vv_panoramique\/site_internet\/4\/\" class=\"kb-gallery-item-link\" target=\"_blank\" rel=\"noopener noreferrer\"><div class=\"kb-gal-image-radius\"><div class=\"kb-gallery-image-contain kadence-blocks-gallery-intrinsic kb-gallery-image-ratio-land169 kb-has-image-ratio-land169\" ><img loading=\"lazy\" decoding=\"async\" src=\"https:\/\/studio-panoramique-360.fr\/wp-content\/uploads\/2025\/05\/Annecy_2_web.jpg\" width=\"1024\" height=\"576\" alt=\"\" data-full-image=\"https:\/\/studio-panoramique-360.fr\/wp-content\/uploads\/2025\/05\/Annecy_2_web.jpg\" data-light-image=\"https:\/\/studio-panoramique-360.fr\/wp-content\/uploads\/2025\/05\/Annecy_2_web.jpg\" data-id=\"99\" class=\"wp-image-99\" srcset=\"https:\/\/studio-panoramique-360.fr\/wp-content\/uploads\/2025\/05\/Annecy_2_web.jpg 1024w, https:\/\/studio-panoramique-360.fr\/wp-content\/uploads\/2025\/05\/Annecy_2_web-300x169.jpg 300w, https:\/\/studio-panoramique-360.fr\/wp-content\/uploads\/2025\/05\/Annecy_2_web-768x432.jpg 768w\" sizes=\"auto, (max-width: 1024px) 100vw, 1024px\" \/><\/div><\/div><\/a><\/figure><\/div><\/li><li class=\"kadence-blocks-gallery-item\"><div class=\"kadence-blocks-gallery-item-inner\"><figure class=\"kb-gallery-figure kb-gallery-item-has-link kadence-blocks-gallery-item-hide-caption\"><a href=\"https:\/\/studio-panoramique-360.fr\/sources\/vv_panoramique\/site_internet\/Saint_brieuc_gare\/\" class=\"kb-gallery-item-link\" target=\"_blank\" rel=\"noopener noreferrer\"><div class=\"kb-gal-image-radius\"><div class=\"kb-gallery-image-contain kadence-blocks-gallery-intrinsic kb-gallery-image-ratio-land169 kb-has-image-ratio-land169\" ><img loading=\"lazy\" decoding=\"async\" src=\"https:\/\/studio-panoramique-360.fr\/wp-content\/uploads\/2025\/05\/gare_web.jpg\" width=\"1024\" height=\"576\" alt=\"\" data-full-image=\"https:\/\/studio-panoramique-360.fr\/wp-content\/uploads\/2025\/05\/gare_web.jpg\" data-light-image=\"https:\/\/studio-panoramique-360.fr\/wp-content\/uploads\/2025\/05\/gare_web.jpg\" data-id=\"102\" class=\"wp-image-102\" srcset=\"https:\/\/studio-panoramique-360.fr\/wp-content\/uploads\/2025\/05\/gare_web.jpg 1024w, https:\/\/studio-panoramique-360.fr\/wp-content\/uploads\/2025\/05\/gare_web-300x169.jpg 300w, https:\/\/studio-panoramique-360.fr\/wp-content\/uploads\/2025\/05\/gare_web-768x432.jpg 768w\" sizes=\"auto, (max-width: 1024px) 100vw, 1024px\" \/><\/div><\/div><\/a><\/figure><\/div><\/li><li class=\"kadence-blocks-gallery-item\"><div class=\"kadence-blocks-gallery-item-inner\"><figure class=\"kb-gallery-figure kb-gallery-item-has-link kadence-blocks-gallery-item-hide-caption\"><a href=\"https:\/\/studio-panoramique-360.fr\/sources\/vv_panoramique\/site_internet\/santorin\/\" class=\"kb-gallery-item-link\" target=\"_blank\" rel=\"noopener noreferrer\"><div class=\"kb-gal-image-radius\"><div class=\"kb-gallery-image-contain kadence-blocks-gallery-intrinsic kb-gallery-image-ratio-land169 kb-has-image-ratio-land169\" ><img loading=\"lazy\" decoding=\"async\" src=\"https:\/\/studio-panoramique-360.fr\/wp-content\/uploads\/2025\/05\/santorin_web.jpg\" width=\"1024\" height=\"576\" alt=\"\" data-full-image=\"https:\/\/studio-panoramique-360.fr\/wp-content\/uploads\/2025\/05\/santorin_web.jpg\" data-light-image=\"https:\/\/studio-panoramique-360.fr\/wp-content\/uploads\/2025\/05\/santorin_web.jpg\" data-id=\"105\" class=\"wp-image-105\" srcset=\"https:\/\/studio-panoramique-360.fr\/wp-content\/uploads\/2025\/05\/santorin_web.jpg 1024w, https:\/\/studio-panoramique-360.fr\/wp-content\/uploads\/2025\/05\/santorin_web-300x169.jpg 300w, https:\/\/studio-panoramique-360.fr\/wp-content\/uploads\/2025\/05\/santorin_web-768x432.jpg 768w\" sizes=\"auto, (max-width: 1024px) 100vw, 1024px\" \/><\/div><\/div><\/a><\/figure><\/div><\/li><li class=\"kadence-blocks-gallery-item\"><div class=\"kadence-blocks-gallery-item-inner\"><figure class=\"kb-gallery-figure kb-gallery-item-has-link kadence-blocks-gallery-item-hide-caption\"><a href=\"https:\/\/studio-panoramique-360.fr\/sources\/vv_panoramique\/site_internet\/santorin_2\/\" class=\"kb-gallery-item-link\" target=\"_blank\" rel=\"noopener noreferrer\"><div class=\"kb-gal-image-radius\"><div class=\"kb-gallery-image-contain kadence-blocks-gallery-intrinsic kb-gallery-image-ratio-land169 kb-has-image-ratio-land169\" ><img loading=\"lazy\" decoding=\"async\" src=\"http:\/\/studio-panoramique-360.fr\/wp-content\/uploads\/2025\/05\/santorin_2_web.jpg\" width=\"1024\" height=\"576\" alt=\"\" data-full-image=\"http:\/\/studio-panoramique-360.fr\/wp-content\/uploads\/2025\/05\/santorin_2_web.jpg\" data-light-image=\"http:\/\/studio-panoramique-360.fr\/wp-content\/uploads\/2025\/05\/santorin_2_web.jpg\" data-id=\"108\" class=\"wp-image-108\" srcset=\"https:\/\/studio-panoramique-360.fr\/wp-content\/uploads\/2025\/05\/santorin_2_web.jpg 1024w, https:\/\/studio-panoramique-360.fr\/wp-content\/uploads\/2025\/05\/santorin_2_web-300x169.jpg 300w, https:\/\/studio-panoramique-360.fr\/wp-content\/uploads\/2025\/05\/santorin_2_web-768x432.jpg 768w\" sizes=\"auto, (max-width: 1024px) 100vw, 1024px\" \/><\/div><\/div><\/a><\/figure><\/div><\/li><\/ul><\/div>\n\n\n<p><\/p>\n","protected":false},"excerpt":{"rendered":"<p>Visite Virtuelle HD \u00e0 360\u00b0 est un service de cr\u00e9ation de visites immersives en haute d\u00e9finition, permettant d&rsquo;explorer des lieux \u00e0 distance avec un r\u00e9alisme saisissant. Capturant chaque d\u00e9tail dans toutes les directions, elle permet de d\u00e9couvrir l\u2019environnement comme si &hellip; <a href=\"https:\/\/studio-panoramique-360.fr\/index.php\/visite-virtuelle-hd\/\">Lire la suite\u00ad\u00ad<\/a><\/p>\n","protected":false},"author":1,"featured_media":0,"parent":0,"menu_order":0,"comment_status":"closed","ping_status":"closed","template":"","meta":{"kt_blocks_editor_width":"","footnotes":""},"class_list":["post-19","page","type-page","status-publish","hentry"],"_links":{"self":[{"href":"https:\/\/studio-panoramique-360.fr\/index.php\/wp-json\/wp\/v2\/pages\/19","targetHints":{"allow":["GET"]}}],"collection":[{"href":"https:\/\/studio-panoramique-360.fr\/index.php\/wp-json\/wp\/v2\/pages"}],"about":[{"href":"https:\/\/studio-panoramique-360.fr\/index.php\/wp-json\/wp\/v2\/types\/page"}],"author":[{"embeddable":true,"href":"https:\/\/studio-panoramique-360.fr\/index.php\/wp-json\/wp\/v2\/users\/1"}],"replies":[{"embeddable":true,"href":"https:\/\/studio-panoramique-360.fr\/index.php\/wp-json\/wp\/v2\/comments?post=19"}],"version-history":[{"count":17,"href":"https:\/\/studio-panoramique-360.fr\/index.php\/wp-json\/wp\/v2\/pages\/19\/revisions"}],"predecessor-version":[{"id":110,"href":"https:\/\/studio-panoramique-360.fr\/index.php\/wp-json\/wp\/v2\/pages\/19\/revisions\/110"}],"wp:attachment":[{"href":"https:\/\/studio-panoramique-360.fr\/index.php\/wp-json\/wp\/v2\/media?parent=19"}],"curies":[{"name":"wp","href":"https:\/\/api.w.org\/{rel}","templated":true}]}}